{"id":46,"date":"2025-11-20T16:02:55","date_gmt":"2025-11-20T15:02:55","guid":{"rendered":"https:\/\/angelique-ndrc25.se-formation.fr\/?page_id=46"},"modified":"2025-12-12T13:54:06","modified_gmt":"2025-12-12T12:54:06","slug":"bts-ndrc","status":"publish","type":"page","link":"https:\/\/angelique-ndrc25.se-formation.fr\/","title":{"rendered":"Le BTS NDRC \u00e0 l&#8217;IFC de Perpignan."},"content":{"rendered":"\n<div class=\"wp-block-cover is-light\"><img loading=\"lazy\" decoding=\"async\" width=\"1024\" height=\"512\" class=\"wp-block-cover__image-background wp-image-57 size-large\" alt=\"\" src=\"https:\/\/angelique-ndrc25.se-formation.fr\/wp-content\/uploads\/2025\/11\/Firefox_Screenshot_2024-06-13T14-12-15.381Z-1-1024x512.png\" data-object-fit=\"cover\" srcset=\"https:\/\/angelique-ndrc25.se-formation.fr\/wp-content\/uploads\/2025\/11\/Firefox_Screenshot_2024-06-13T14-12-15.381Z-1-1024x512.png 1024w, https:\/\/angelique-ndrc25.se-formation.fr\/wp-content\/uploads\/2025\/11\/Firefox_Screenshot_2024-06-13T14-12-15.381Z-1-300x150.png 300w, https:\/\/angelique-ndrc25.se-formation.fr\/wp-content\/uploads\/2025\/11\/Firefox_Screenshot_2024-06-13T14-12-15.381Z-1-768x384.png 768w, https:\/\/angelique-ndrc25.se-formation.fr\/wp-content\/uploads\/2025\/11\/Firefox_Screenshot_2024-06-13T14-12-15.381Z-1-1536x767.png 1536w, https:\/\/angelique-ndrc25.se-formation.fr\/wp-content\/uploads\/2025\/11\/Firefox_Screenshot_2024-06-13T14-12-15.381Z-1-2048x1023.png 2048w\" sizes=\"auto, (max-width: 1024px) 100vw, 1024px\" \/><span aria-hidden=\"true\" class=\"wp-block-cover__background has-background-dim\" style=\"background-color:#a2a09e\"><\/span><div class=\"wp-block-cover__inner-container is-layout-constrained wp-block-cover-is-layout-constrained\">\n<p class=\"has-x-large-font-size\" style=\"border-style:none;border-width:0px\"><mark style=\"background-color:rgba(0, 0, 0, 0)\" class=\"has-inline-color has-ast-global-color-4-color\"><strong>Pourquoi faire un BTS N\u00e9gociation Digitalisation et Relation Client \u00e0 Perpignan ?<\/strong><\/mark><\/p>\n<\/div><\/div>\n\n\n\n<p>Le <strong>BTS NDRC Perpignan<\/strong> : tout comme le BTS MUC est le BTS Commerce par excellence. Ce BTS comme son nom l\u2019indique est une formation \u00e0 la&nbsp;<strong>relation clients<\/strong>.<\/p>\n\n\n\n<h2 class=\"wp-block-heading\">BTS NDRC Perpignan<\/h2>\n\n\n\n<p>C\u2019est-\u00e0-dire qu\u2019un(e) Attach\u00e9(e) Commercial(e)&nbsp;issu(e)&nbsp;de cette formation est en mesure de&nbsp;<strong>prospecter<\/strong>, de&nbsp;<strong>n\u00e9gocier<\/strong>, de&nbsp;<strong>vendre&nbsp;<\/strong>et de fid\u00e9liser un portefeuille clients.<\/p>\n\n\n\n<details class=\"wp-block-details\"><summary><mark style=\"background-color:rgba(0, 0, 0, 0);color:#cf2e2e\" class=\"has-inline-color is-layout-flow wp-block-details-is-layout-flow\">Sa mission<\/mark><\/summary>\n<p>Ce BTS (formation de niveau 3) forme des vendeurs et des&nbsp;<strong>managers commerciaux<\/strong>&nbsp;afin de leur permettre de g\u00e9rer la relation clients.<\/p>\n\n\n\n<p>Les \u00e9tudiants d\u00e9couvrent les techniques de prospection et de&nbsp;<strong>fid\u00e9lisation<\/strong>&nbsp;de la client\u00e8le dans le but de contribuer au d\u00e9veloppement commercial de l\u2019entreprise.&nbsp;<\/p>\n\n\n\n<p>La&nbsp;<strong>digitalisation&nbsp;<\/strong>implique que les titulaires de ce BTS soient sensibilis\u00e9s aux&nbsp;<strong>techniques du web marketing<\/strong>.<\/p>\n<\/details>\n\n\n\n<details class=\"wp-block-details\"><summary><mark style=\"background-color:rgba(0, 0, 0, 0);color:#cf2e2e\" class=\"has-inline-color is-layout-flow wp-block-details-is-layout-flow\">Les d\u00e9bouch\u00e9s<\/mark><\/summary>\n<p>Un titulaire du BTS N\u00e9gociation Digitalisation Relation Clients travaille en particulier en tant que&nbsp;:<\/p>\n\n\n\n<ul class=\"wp-block-list\">\n<li>vendeur,<\/li>\n\n\n\n<li>attach\u00e9(e)&nbsp;commercial(e),<\/li>\n\n\n\n<li>responsable de secteur,<\/li>\n\n\n\n<li>commercial(e) itin\u00e9rant(e)&nbsp; \u2013 VRP,<\/li>\n\n\n\n<li>manager commercial.<\/li>\n<\/ul>\n\n\n\n<p>La poursuite d\u2019\u00e9tudes&nbsp;est aussi une option int\u00e9ressante pour compl\u00e9ter cette formation BAC+2. Par exemple en&nbsp;<strong><a href=\"https:\/\/www.ifc.fr\/formation\/bac-3-responsable-en-developpement-marketing-vente\/\" target=\"_blank\" rel=\"noreferrer noopener\">Bachelor Marketing<\/a><\/strong>&nbsp;ou en&nbsp;<strong><a href=\"https:\/\/www.ifc.fr\/formation\/responsable-de-communication-operationnelle-et-marketing\/\" target=\"_blank\" rel=\"noreferrer noopener\">Bachelor Communication<\/a><\/strong>.<\/p>\n<\/details>\n\n\n\n<details class=\"wp-block-details\"><summary><mark style=\"background-color:rgba(0, 0, 0, 0);color:#cf2e2e\" class=\"has-inline-color is-layout-flow wp-block-details-is-layout-flow\">Qualit\u00e9s requises<\/mark><\/summary>\n<p>Autonomie<\/p>\n\n\n\n<p>Rigueur<\/p>\n\n\n\n<p>Dynamisme<\/p>\n\n\n\n<p>Esprit d\u2019\u00e9quipe<\/p>\n\n\n\n<p>Organisation<\/p>\n\n\n\n<p>Sens du contact et de la n\u00e9gociation<\/p>\n<\/details>\n\n\n\n<div class=\"wp-block-media-text is-stacked-on-mobile\" style=\"grid-template-columns:24% auto\"><figure class=\"wp-block-media-text__media\"><img loading=\"lazy\" decoding=\"async\" width=\"300\" height=\"149\" src=\"https:\/\/angelique-ndrc25.se-formation.fr\/wp-content\/uploads\/2025\/11\/IFC-site2014-300x149-2.jpg\" alt=\"\" class=\"wp-image-58 size-full\" srcset=\"https:\/\/angelique-ndrc25.se-formation.fr\/wp-content\/uploads\/2025\/11\/IFC-site2014-300x149-2.jpg 300w, https:\/\/angelique-ndrc25.se-formation.fr\/wp-content\/uploads\/2025\/11\/IFC-site2014-300x149-2-63x31.jpg 63w\" sizes=\"auto, (max-width: 300px) 100vw, 300px\" \/><\/figure><div class=\"wp-block-media-text__content\">\n<p>On vous invite \u00e0 consulter nos diff\u00e9rents <a href=\"https:\/\/angelique-ndrc25.se-formation.fr\/index.php\/category\/formation\/\">articles<\/a>.<\/p>\n<\/div><\/div>\n\n\n\n<hr class=\"wp-block-separator has-css-opacity is-style-default\"\/>\n\n\n\n<hr class=\"wp-block-separator has-css-opacity is-style-default\"\/>\n\n\n\n<hr class=\"wp-block-separator has-css-opacity is-style-default\"\/>\n\n\n\n<div class=\"wp-block-buttons is-layout-flex wp-block-buttons-is-layout-flex\">\n<div class=\"wp-block-button\"><a class=\"wp-block-button__link wp-element-button\" href=\"https:\/\/www.ifc.fr\/inscription\/\">Je m&#8217;inscris<\/a><\/div>\n<\/div>\n\n\n\n<div class=\"wp-block-uagb-testimonial uagb-slick-carousel uagb-tm__arrow-outside uagb-block-19c1e8c5\"><div class=\"is-carousel uagb-tm__columns-1 uagb-tm__items\"><div class=\"uagb-testimonial__wrap  uagb-tm__imgicon-style-circle uagb-tm__image-position-bottom uagb-tm__bg-type-none \"><div class=\"uagb-tm__content\"><div class=\"uagb-tm__overlay\"><\/div><div class=\"uagb-tm__text-wrap\"><div class=\"uagb-tm__desc\">TOP !<\/div><div class=\"uagb-tm__meta-inner\"><div class=\"uagb-testimonial-details\"><span class=\"uagb-tm__author-name\">Miss GIGIE<\/span><span class=\"uagb-tm__company\"><\/span><\/div><\/div><\/div><\/div><\/div><div class=\"uagb-testimonial__wrap  uagb-tm__imgicon-style-circle uagb-tm__image-position-bottom uagb-tm__bg-type-none \"><div class=\"uagb-tm__content\"><div class=\"uagb-tm__overlay\"><\/div><div class=\"uagb-tm__text-wrap\"><div class=\"uagb-tm__desc\">Je m&#8217;inscris tout de suite ! <\/div><div class=\"uagb-tm__meta-inner\"><div class=\"uagb-testimonial-details\"><span class=\"uagb-tm__author-name\">LALALIE <\/span><span class=\"uagb-tm__company\"><\/span><\/div><\/div><\/div><\/div><\/div><div class=\"uagb-testimonial__wrap  uagb-tm__imgicon-style-circle uagb-tm__image-position-bottom uagb-tm__bg-type-none \"><div class=\"uagb-tm__content\"><div class=\"uagb-tm__overlay\"><\/div><div class=\"uagb-tm__text-wrap\"><div class=\"uagb-tm__desc\">Le plus beau site de toute la terre !<\/div><div class=\"uagb-tm__meta-inner\"><div class=\"uagb-testimonial-details\"><span class=\"uagb-tm__author-name\">Secret <\/span><span class=\"uagb-tm__company\"><\/span><\/div><\/div><\/div><\/div><\/div><\/div><\/div>\n\n\n\n<p><\/p>\n\n\n\t\t\t<div \n\t\t\tclass=\"wp-block-uagb-google-map uagb-google-map__wrap uagb-block-e8f2572c     \"\n\t\t\tstyle=\"\" >\n\t\t\t\t<embed\n\t\t\t\t\tclass=\"uagb-google-map__iframe\"\n\t\t\t\t\ttitle=\"Google Map for \"\n\t\t\t\t\tsrc=\"https:\/\/maps.google.com\/maps?q=21%20rue%20etienne%20bobo&#038;z=12&#038;hl=fr&#038;t=m&#038;output=embed&#038;iwloc=near\"\n\t\t\t\t\twidth=\"640\"\n\t\t\t\t\theight=\"300\"\n\t\t\t\t\tloading=\"lazy\"\n\t\t\t\t><\/embed>\n\t\t\t<\/div>\n\t\t\t","protected":false},"excerpt":{"rendered":"<p>Le BTS NDRC Perpignan : tout comme le BTS MUC est le BTS Commerce par excellence. Ce BTS comme son [&hellip;]<\/p>\n","protected":false},"author":1,"featured_media":0,"parent":0,"menu_order":0,"comment_status":"closed","ping_status":"closed","template":"","meta":{"_uag_custom_page_level_css":"","site-sidebar-layout":"default","site-content-layout":"","ast-site-content-layout":"default","site-content-style":"default","site-sidebar-style":"default","ast-global-header-display":"","ast-banner-title-visibility":"","ast-main-header-display":"","ast-hfb-above-header-display":"","ast-hfb-below-header-display":"","ast-hfb-mobile-header-display":"","site-post-title":"","ast-breadcrumbs-content":"","ast-featured-img":"","footer-sml-layout":"","theme-transparent-header-meta":"","adv-header-id-meta":"","stick-header-meta":"","header-above-stick-meta":"","header-main-stick-meta":"","header-below-stick-meta":"","astra-migrate-meta-layouts":"default","ast-page-background-enabled":"default","ast-page-background-meta":{"desktop":{"background-color":"var(--ast-global-color-5)","background-image":"","background-repeat":"repeat","background-position":"center center","background-size":"auto","background-attachment":"scroll","background-type":"","background-media":"","overlay-type":"","overlay-color":"","overlay-opacity":"","overlay-gradient":""},"tablet":{"background-color":"","background-image":"","background-repeat":"repeat","background-position":"center center","background-size":"auto","background-attachment":"scroll","background-type":"","background-media":"","overlay-type":"","overlay-color":"","overlay-opacity":"","overlay-gradient":""},"mobile":{"background-color":"","background-image":"","background-repeat":"repeat","background-position":"center center","background-size":"auto","background-attachment":"scroll","background-type":"","background-media":"","overlay-type":"","overlay-color":"","overlay-opacity":"","overlay-gradient":""}},"ast-content-background-meta":{"desktop":{"background-color":"var(--ast-global-color-4)","background-image":"","background-repeat":"repeat","background-position":"center center","background-size":"auto","background-attachment":"scroll","background-type":"","background-media":"","overlay-type":"","overlay-color":"","overlay-opacity":"","overlay-gradient":""},"tablet":{"background-color":"var(--ast-global-color-4)","background-image":"","background-repeat":"repeat","background-position":"center center","background-size":"auto","background-attachment":"scroll","background-type":"","background-media":"","overlay-type":"","overlay-color":"","overlay-opacity":"","overlay-gradient":""},"mobile":{"background-color":"var(--ast-global-color-4)","background-image":"","background-repeat":"repeat","background-position":"center center","background-size":"auto","background-attachment":"scroll","background-type":"","background-media":"","overlay-type":"","overlay-color":"","overlay-opacity":"","overlay-gradient":""}},"footnotes":""},"class_list":["post-46","page","type-page","status-publish","hentry"],"yoast_head":"<!-- This site is optimized with the Yoast SEO plugin v26.4 - https:\/\/yoast.com\/wordpress\/plugins\/seo\/ -->\n<title>Le BTS NDRC \u00e0 l&#039;IFC de Perpignan. - Angelique Ndrc25 Se Formation<\/title>\n<meta name=\"robots\" content=\"index, follow, max-snippet:-1, max-image-preview:large, max-video-preview:-1\" \/>\n<link rel=\"canonical\" href=\"https:\/\/angelique-ndrc25.se-formation.fr\/\" \/>\n<meta property=\"og:locale\" content=\"en_US\" \/>\n<meta property=\"og:type\" content=\"article\" \/>\n<meta property=\"og:title\" content=\"Le BTS NDRC \u00e0 l&#039;IFC de Perpignan. - Angelique Ndrc25 Se Formation\" \/>\n<meta property=\"og:description\" content=\"Le BTS NDRC Perpignan : tout comme le BTS MUC est le BTS Commerce par excellence. Ce BTS comme son [&hellip;]\" \/>\n<meta property=\"og:url\" content=\"https:\/\/angelique-ndrc25.se-formation.fr\/\" \/>\n<meta property=\"og:site_name\" content=\"Angelique Ndrc25 Se Formation\" \/>\n<meta property=\"article:modified_time\" content=\"2025-12-12T12:54:06+00:00\" \/>\n<meta property=\"og:image\" content=\"https:\/\/angelique-ndrc25.se-formation.fr\/wp-content\/uploads\/2025\/11\/Firefox_Screenshot_2024-06-13T14-12-15.381Z-1-1024x512.png\" \/>\n\t<meta property=\"og:image:width\" content=\"1024\" \/>\n\t<meta property=\"og:image:height\" content=\"512\" \/>\n\t<meta property=\"og:image:type\" content=\"image\/png\" \/>\n<meta name=\"twitter:card\" content=\"summary_large_image\" \/>\n<meta name=\"twitter:label1\" content=\"Est. reading time\" \/>\n\t<meta name=\"twitter:data1\" content=\"2 minutes\" \/>\n<script type=\"application\/ld+json\" class=\"yoast-schema-graph\">{\"@context\":\"https:\/\/schema.org\",\"@graph\":[{\"@type\":\"WebPage\",\"@id\":\"https:\/\/angelique-ndrc25.se-formation.fr\/\",\"url\":\"https:\/\/angelique-ndrc25.se-formation.fr\/\",\"name\":\"Le BTS NDRC \u00e0 l'IFC de Perpignan. - Angelique Ndrc25 Se Formation\",\"isPartOf\":{\"@id\":\"https:\/\/angelique-ndrc25.se-formation.fr\/#website\"},\"primaryImageOfPage\":{\"@id\":\"https:\/\/angelique-ndrc25.se-formation.fr\/#primaryimage\"},\"image\":{\"@id\":\"https:\/\/angelique-ndrc25.se-formation.fr\/#primaryimage\"},\"thumbnailUrl\":\"https:\/\/angelique-ndrc25.se-formation.fr\/wp-content\/uploads\/2025\/11\/Firefox_Screenshot_2024-06-13T14-12-15.381Z-1-1024x512.png\",\"datePublished\":\"2025-11-20T15:02:55+00:00\",\"dateModified\":\"2025-12-12T12:54:06+00:00\",\"breadcrumb\":{\"@id\":\"https:\/\/angelique-ndrc25.se-formation.fr\/#breadcrumb\"},\"inLanguage\":\"en-US\",\"potentialAction\":[{\"@type\":\"ReadAction\",\"target\":[\"https:\/\/angelique-ndrc25.se-formation.fr\/\"]}]},{\"@type\":\"ImageObject\",\"inLanguage\":\"en-US\",\"@id\":\"https:\/\/angelique-ndrc25.se-formation.fr\/#primaryimage\",\"url\":\"https:\/\/angelique-ndrc25.se-formation.fr\/wp-content\/uploads\/2025\/11\/Firefox_Screenshot_2024-06-13T14-12-15.381Z-1.png\",\"contentUrl\":\"https:\/\/angelique-ndrc25.se-formation.fr\/wp-content\/uploads\/2025\/11\/Firefox_Screenshot_2024-06-13T14-12-15.381Z-1.png\",\"width\":2560,\"height\":1279},{\"@type\":\"BreadcrumbList\",\"@id\":\"https:\/\/angelique-ndrc25.se-formation.fr\/#breadcrumb\",\"itemListElement\":[{\"@type\":\"ListItem\",\"position\":1,\"name\":\"Accueil\",\"item\":\"https:\/\/angelique-ndrc25.se-formation.fr\/\"},{\"@type\":\"ListItem\",\"position\":2,\"name\":\"Le BTS NDRC \u00e0 l&rsquo;IFC de Perpignan.\"}]},{\"@type\":\"WebSite\",\"@id\":\"https:\/\/angelique-ndrc25.se-formation.fr\/#website\",\"url\":\"https:\/\/angelique-ndrc25.se-formation.fr\/\",\"name\":\"Angelique Ndrc25 Se Formation\",\"description\":\"\",\"publisher\":{\"@id\":\"https:\/\/angelique-ndrc25.se-formation.fr\/#organization\"},\"potentialAction\":[{\"@type\":\"SearchAction\",\"target\":{\"@type\":\"EntryPoint\",\"urlTemplate\":\"https:\/\/angelique-ndrc25.se-formation.fr\/?s={search_term_string}\"},\"query-input\":{\"@type\":\"PropertyValueSpecification\",\"valueRequired\":true,\"valueName\":\"search_term_string\"}}],\"inLanguage\":\"en-US\"},{\"@type\":\"Organization\",\"@id\":\"https:\/\/angelique-ndrc25.se-formation.fr\/#organization\",\"name\":\"Angelique Ndrc25 Se Formation\",\"url\":\"https:\/\/angelique-ndrc25.se-formation.fr\/\",\"logo\":{\"@type\":\"ImageObject\",\"inLanguage\":\"en-US\",\"@id\":\"https:\/\/angelique-ndrc25.se-formation.fr\/#\/schema\/logo\/image\/\",\"url\":\"https:\/\/angelique-ndrc25.se-formation.fr\/wp-content\/uploads\/2025\/11\/IFC-site2014-300x149-2.jpg\",\"contentUrl\":\"https:\/\/angelique-ndrc25.se-formation.fr\/wp-content\/uploads\/2025\/11\/IFC-site2014-300x149-2.jpg\",\"width\":300,\"height\":149,\"caption\":\"Angelique Ndrc25 Se Formation\"},\"image\":{\"@id\":\"https:\/\/angelique-ndrc25.se-formation.fr\/#\/schema\/logo\/image\/\"}}]}<\/script>\n<!-- \/ Yoast SEO plugin. -->","yoast_head_json":{"title":"Le BTS NDRC \u00e0 l'IFC de Perpignan. - Angelique Ndrc25 Se Formation","robots":{"index":"index","follow":"follow","max-snippet":"max-snippet:-1","max-image-preview":"max-image-preview:large","max-video-preview":"max-video-preview:-1"},"canonical":"https:\/\/angelique-ndrc25.se-formation.fr\/","og_locale":"en_US","og_type":"article","og_title":"Le BTS NDRC \u00e0 l'IFC de Perpignan. - Angelique Ndrc25 Se Formation","og_description":"Le BTS NDRC Perpignan : tout comme le BTS MUC est le BTS Commerce par excellence. Ce BTS comme son [&hellip;]","og_url":"https:\/\/angelique-ndrc25.se-formation.fr\/","og_site_name":"Angelique Ndrc25 Se Formation","article_modified_time":"2025-12-12T12:54:06+00:00","og_image":[{"width":1024,"height":512,"url":"https:\/\/angelique-ndrc25.se-formation.fr\/wp-content\/uploads\/2025\/11\/Firefox_Screenshot_2024-06-13T14-12-15.381Z-1-1024x512.png","type":"image\/png"}],"twitter_card":"summary_large_image","twitter_misc":{"Est. reading time":"2 minutes"},"schema":{"@context":"https:\/\/schema.org","@graph":[{"@type":"WebPage","@id":"https:\/\/angelique-ndrc25.se-formation.fr\/","url":"https:\/\/angelique-ndrc25.se-formation.fr\/","name":"Le BTS NDRC \u00e0 l'IFC de Perpignan. - Angelique Ndrc25 Se Formation","isPartOf":{"@id":"https:\/\/angelique-ndrc25.se-formation.fr\/#website"},"primaryImageOfPage":{"@id":"https:\/\/angelique-ndrc25.se-formation.fr\/#primaryimage"},"image":{"@id":"https:\/\/angelique-ndrc25.se-formation.fr\/#primaryimage"},"thumbnailUrl":"https:\/\/angelique-ndrc25.se-formation.fr\/wp-content\/uploads\/2025\/11\/Firefox_Screenshot_2024-06-13T14-12-15.381Z-1-1024x512.png","datePublished":"2025-11-20T15:02:55+00:00","dateModified":"2025-12-12T12:54:06+00:00","breadcrumb":{"@id":"https:\/\/angelique-ndrc25.se-formation.fr\/#breadcrumb"},"inLanguage":"en-US","potentialAction":[{"@type":"ReadAction","target":["https:\/\/angelique-ndrc25.se-formation.fr\/"]}]},{"@type":"ImageObject","inLanguage":"en-US","@id":"https:\/\/angelique-ndrc25.se-formation.fr\/#primaryimage","url":"https:\/\/angelique-ndrc25.se-formation.fr\/wp-content\/uploads\/2025\/11\/Firefox_Screenshot_2024-06-13T14-12-15.381Z-1.png","contentUrl":"https:\/\/angelique-ndrc25.se-formation.fr\/wp-content\/uploads\/2025\/11\/Firefox_Screenshot_2024-06-13T14-12-15.381Z-1.png","width":2560,"height":1279},{"@type":"BreadcrumbList","@id":"https:\/\/angelique-ndrc25.se-formation.fr\/#breadcrumb","itemListElement":[{"@type":"ListItem","position":1,"name":"Accueil","item":"https:\/\/angelique-ndrc25.se-formation.fr\/"},{"@type":"ListItem","position":2,"name":"Le BTS NDRC \u00e0 l&rsquo;IFC de Perpignan."}]},{"@type":"WebSite","@id":"https:\/\/angelique-ndrc25.se-formation.fr\/#website","url":"https:\/\/angelique-ndrc25.se-formation.fr\/","name":"Angelique Ndrc25 Se Formation","description":"","publisher":{"@id":"https:\/\/angelique-ndrc25.se-formation.fr\/#organization"},"potentialAction":[{"@type":"SearchAction","target":{"@type":"EntryPoint","urlTemplate":"https:\/\/angelique-ndrc25.se-formation.fr\/?s={search_term_string}"},"query-input":{"@type":"PropertyValueSpecification","valueRequired":true,"valueName":"search_term_string"}}],"inLanguage":"en-US"},{"@type":"Organization","@id":"https:\/\/angelique-ndrc25.se-formation.fr\/#organization","name":"Angelique Ndrc25 Se Formation","url":"https:\/\/angelique-ndrc25.se-formation.fr\/","logo":{"@type":"ImageObject","inLanguage":"en-US","@id":"https:\/\/angelique-ndrc25.se-formation.fr\/#\/schema\/logo\/image\/","url":"https:\/\/angelique-ndrc25.se-formation.fr\/wp-content\/uploads\/2025\/11\/IFC-site2014-300x149-2.jpg","contentUrl":"https:\/\/angelique-ndrc25.se-formation.fr\/wp-content\/uploads\/2025\/11\/IFC-site2014-300x149-2.jpg","width":300,"height":149,"caption":"Angelique Ndrc25 Se Formation"},"image":{"@id":"https:\/\/angelique-ndrc25.se-formation.fr\/#\/schema\/logo\/image\/"}}]}},"uagb_featured_image_src":{"full":false,"thumbnail":false,"medium":false,"medium_large":false,"large":false,"1536x1536":false,"2048x2048":false,"woocommerce_thumbnail":false,"woocommerce_single":false,"woocommerce_gallery_thumbnail":false},"uagb_author_info":{"display_name":"angelique","author_link":"https:\/\/angelique-ndrc25.se-formation.fr\/index.php\/author\/angelique\/"},"uagb_comment_info":0,"uagb_excerpt":"Le BTS NDRC Perpignan : tout comme le BTS MUC est le BTS Commerce par excellence. Ce BTS comme son [&hellip;]","_links":{"self":[{"href":"https:\/\/angelique-ndrc25.se-formation.fr\/index.php\/wp-json\/wp\/v2\/pages\/46","targetHints":{"allow":["GET"]}}],"collection":[{"href":"https:\/\/angelique-ndrc25.se-formation.fr\/index.php\/wp-json\/wp\/v2\/pages"}],"about":[{"href":"https:\/\/angelique-ndrc25.se-formation.fr\/index.php\/wp-json\/wp\/v2\/types\/page"}],"author":[{"embeddable":true,"href":"https:\/\/angelique-ndrc25.se-formation.fr\/index.php\/wp-json\/wp\/v2\/users\/1"}],"replies":[{"embeddable":true,"href":"https:\/\/angelique-ndrc25.se-formation.fr\/index.php\/wp-json\/wp\/v2\/comments?post=46"}],"version-history":[{"count":22,"href":"https:\/\/angelique-ndrc25.se-formation.fr\/index.php\/wp-json\/wp\/v2\/pages\/46\/revisions"}],"predecessor-version":[{"id":119,"href":"https:\/\/angelique-ndrc25.se-formation.fr\/index.php\/wp-json\/wp\/v2\/pages\/46\/revisions\/119"}],"wp:attachment":[{"href":"https:\/\/angelique-ndrc25.se-formation.fr\/index.php\/wp-json\/wp\/v2\/media?parent=46"}],"curies":[{"name":"wp","href":"https:\/\/api.w.org\/{rel}","templated":true}]}}