{"id":85,"date":"2025-11-28T14:58:40","date_gmt":"2025-11-28T13:58:40","guid":{"rendered":"https:\/\/angelique-ndrc25.se-formation.fr\/?page_id=85"},"modified":"2025-11-28T14:58:40","modified_gmt":"2025-11-28T13:58:40","slug":"blog","status":"publish","type":"page","link":"https:\/\/angelique-ndrc25.se-formation.fr\/index.php\/blog\/","title":{"rendered":"Blog"},"content":{"rendered":"\n\t\t\t<div class=\"wp-block-uagb-post-grid uagb-post-grid  uagb-post__image-position-top uagb-post__image-enabled uagb-block-74892fa4     uagb-post__items uagb-post__columns-3 is-grid uagb-post__columns-tablet-2 uagb-post__columns-mobile-1 uagb-post__equal-height\" data-total=\"1\" style=\"\">\n\n\t\t\t\t\t\t\t\t\t\t\t\t<article class=\"uagb-post__inner-wrap\">\t\t\t\t\t\t\t\t<h4 class=\"uagb-post__title uagb-post__text\">\n\t\t\t\t<a href=\"https:\/\/angelique-ndrc25.se-formation.fr\/index.php\/2026\/02\/04\/fete-des-meres\/\" target=\"_self\" rel=\"bookmark noopener noreferrer\">Ev\u00e8nement : F\u00eate des m\u00e8res !<\/a>\n\t\t\t<\/h4>\n\t\t\t\t\t\t<div class='uagb-post__text uagb-post-grid-byline'>\n\t\t\t\t\t\t\t\t<time datetime=\"2026-02-04T10:03:37+01:00\" class=\"uagb-post__date\">\n\t\t\t\t<span class=\"dashicons-calendar dashicons\"><\/span>\t\t\t\t\t4 February 2026\t\t\t\t<\/time>\n\t\t\t\t\t\t\t<span class=\"uagb-post__comment\">\n\t\t\t\t<span class=\"dashicons-admin-comments dashicons\"><\/span>\t\t\t\t\tNo Comments\t\t\t\t<\/span>\n\t\t\t\t\t\t<\/div>\n\t\t\t\t\t\t\t<div class='uagb-post__text uagb-post__excerpt'>\n\t\t\t\t\t<p>Porte ouvertes \u00e0 cette occasion ! F\u00eate des m\u00e8res ! Participez \u00e0 l&#8217;\u00e9v\u00e8nement \u00e0 l&#8217;occasion&#8230;\t\t\t\t<\/div>\n\t\t\t\t\t\t<div class=\"uagb-post__text uagb-post__cta wp-block-button\">\n\t\t\t\t<a class=\"wp-block-button__link uagb-text-link\" style=\"\" href=\"https:\/\/angelique-ndrc25.se-formation.fr\/index.php\/2026\/02\/04\/fete-des-meres\/\" target=\"_self\" rel=\"bookmark noopener noreferrer\">Read More<\/a>\n\t\t\t<\/div>\n\t\t\t\n\t\t\t\t\t\t\t\t\t<\/article>\n\t\t\t\t\t\t\t\t\t\t\t\t\t\t\t\t<article class=\"uagb-post__inner-wrap\">\t\t\t\t\t\t\t\t<h4 class=\"uagb-post__title uagb-post__text\">\n\t\t\t\t<a href=\"https:\/\/angelique-ndrc25.se-formation.fr\/index.php\/2026\/01\/29\/je-cree-un-article\/\" target=\"_self\" rel=\"bookmark noopener noreferrer\">Je cr\u00e9e un article<\/a>\n\t\t\t<\/h4>\n\t\t\t\t\t\t<div class='uagb-post__text uagb-post-grid-byline'>\n\t\t\t\t\t\t\t\t<time datetime=\"2026-01-29T17:08:40+01:00\" class=\"uagb-post__date\">\n\t\t\t\t<span class=\"dashicons-calendar dashicons\"><\/span>\t\t\t\t\t29 January 2026\t\t\t\t<\/time>\n\t\t\t\t\t\t\t<span class=\"uagb-post__comment\">\n\t\t\t\t<span class=\"dashicons-admin-comments dashicons\"><\/span>\t\t\t\t\tNo Comments\t\t\t\t<\/span>\n\t\t\t\t\t\t<\/div>\n\t\t\t\t\t\t\t<div class='uagb-post__text uagb-post__excerpt'>\n\t\t\t\t\t<p>Voici un article de blog con\u00e7u pour \u00eatre aussi pratique qu&#8217;agr\u00e9able \u00e0 lire. J&#8217;ai utilis\u00e9&#8230;\t\t\t\t<\/div>\n\t\t\t\t\t\t<div class=\"uagb-post__text uagb-post__cta wp-block-button\">\n\t\t\t\t<a class=\"wp-block-button__link uagb-text-link\" style=\"\" href=\"https:\/\/angelique-ndrc25.se-formation.fr\/index.php\/2026\/01\/29\/je-cree-un-article\/\" target=\"_self\" rel=\"bookmark noopener noreferrer\">Read More<\/a>\n\t\t\t<\/div>\n\t\t\t\n\t\t\t\t\t\t\t\t\t<\/article>\n\t\t\t\t\t\t\t\t\t\t\t\t\t\t\t\t<article class=\"uagb-post__inner-wrap\">\t\t\t\t\t\t\t\t<h4 class=\"uagb-post__title uagb-post__text\">\n\t\t\t\t<a href=\"https:\/\/angelique-ndrc25.se-formation.fr\/index.php\/2025\/11\/28\/une-journee-type-en-bts-ndrc\/\" target=\"_self\" rel=\"bookmark noopener noreferrer\">Une journ\u00e9e type en BTS NDRC.<\/a>\n\t\t\t<\/h4>\n\t\t\t\t\t\t<div class='uagb-post__text uagb-post-grid-byline'>\n\t\t\t\t\t\t\t\t<time datetime=\"2025-11-28T14:24:21+01:00\" class=\"uagb-post__date\">\n\t\t\t\t<span class=\"dashicons-calendar dashicons\"><\/span>\t\t\t\t\t28 November 2025\t\t\t\t<\/time>\n\t\t\t\t\t\t\t<span class=\"uagb-post__comment\">\n\t\t\t\t<span class=\"dashicons-admin-comments dashicons\"><\/span>\t\t\t\t\tNo Comments\t\t\t\t<\/span>\n\t\t\t\t\t\t<\/div>\n\t\t\t\t\t\t\t<div class='uagb-post__text uagb-post__excerpt'>\n\t\t\t\t\t<p>S\u2019engager dans un BTS N\u00e9gociation Digitalisation Relation Client (NDRC), c\u2019est choisir un rythme dynamique, souvent&#8230;\t\t\t\t<\/div>\n\t\t\t\t\t\t<div class=\"uagb-post__text uagb-post__cta wp-block-button\">\n\t\t\t\t<a class=\"wp-block-button__link uagb-text-link\" style=\"\" href=\"https:\/\/angelique-ndrc25.se-formation.fr\/index.php\/2025\/11\/28\/une-journee-type-en-bts-ndrc\/\" target=\"_self\" rel=\"bookmark noopener noreferrer\">Read More<\/a>\n\t\t\t<\/div>\n\t\t\t\n\t\t\t\t\t\t\t\t\t<\/article>\n\t\t\t\t\t\t\t\t\t\t\t\t\t\t\t\t<article class=\"uagb-post__inner-wrap\">\t\t\t\t\t\t\t\t<h4 class=\"uagb-post__title uagb-post__text\">\n\t\t\t\t<a href=\"https:\/\/angelique-ndrc25.se-formation.fr\/index.php\/2025\/11\/28\/pourquoi-choisir-le-bts-ndrc\/\" target=\"_self\" rel=\"bookmark noopener noreferrer\">Pourquoi choisir le BTS NDRC ?<\/a>\n\t\t\t<\/h4>\n\t\t\t\t\t\t<div class='uagb-post__text uagb-post-grid-byline'>\n\t\t\t\t\t\t\t\t<time datetime=\"2025-11-28T14:22:53+01:00\" class=\"uagb-post__date\">\n\t\t\t\t<span class=\"dashicons-calendar dashicons\"><\/span>\t\t\t\t\t28 November 2025\t\t\t\t<\/time>\n\t\t\t\t\t\t\t<span class=\"uagb-post__comment\">\n\t\t\t\t<span class=\"dashicons-admin-comments dashicons\"><\/span>\t\t\t\t\tNo Comments\t\t\t\t<\/span>\n\t\t\t\t\t\t<\/div>\n\t\t\t\t\t\t\t<div class='uagb-post__text uagb-post__excerpt'>\n\t\t\t\t\t<p>Le BTS N\u00e9gociation Digitalisation Relation Client (NDRC), anciennement connu sous le nom de BTS NRC,&#8230;\t\t\t\t<\/div>\n\t\t\t\t\t\t<div class=\"uagb-post__text uagb-post__cta wp-block-button\">\n\t\t\t\t<a class=\"wp-block-button__link uagb-text-link\" style=\"\" href=\"https:\/\/angelique-ndrc25.se-formation.fr\/index.php\/2025\/11\/28\/pourquoi-choisir-le-bts-ndrc\/\" target=\"_self\" rel=\"bookmark noopener noreferrer\">Read More<\/a>\n\t\t\t<\/div>\n\t\t\t\n\t\t\t\t\t\t\t\t\t<\/article>\n\t\t\t\t\t\t\t\t\t\t\t\t\t\t\t\t<article class=\"uagb-post__inner-wrap\">\t\t\t\t\t\t\t\t<h4 class=\"uagb-post__title uagb-post__text\">\n\t\t\t\t<a href=\"https:\/\/angelique-ndrc25.se-formation.fr\/index.php\/2025\/11\/06\/bonjour-tout-le-monde\/\" target=\"_self\" rel=\"bookmark noopener noreferrer\">Avis aux Sushivores<\/a>\n\t\t\t<\/h4>\n\t\t\t\t\t\t<div class='uagb-post__text uagb-post-grid-byline'>\n\t\t\t\t\t\t\t\t<time datetime=\"2025-11-06T16:55:47+01:00\" class=\"uagb-post__date\">\n\t\t\t\t<span class=\"dashicons-calendar dashicons\"><\/span>\t\t\t\t\t6 November 2025\t\t\t\t<\/time>\n\t\t\t\t\t\t\t<span class=\"uagb-post__comment\">\n\t\t\t\t<span class=\"dashicons-admin-comments dashicons\"><\/span>\t\t\t\t\t8 Comments\t\t\t\t<\/span>\n\t\t\t\t\t\t<\/div>\n\t\t\t\t\t\t\t<div class='uagb-post__text uagb-post__excerpt'>\n\t\t\t\t\t<p>\ud83c\udf63 \u00c9loge d&#8217;une Gastronomie Mill\u00e9naire Le sushi n&#8217;est pas qu&#8217;un simple plat ; c&#8217;est un&#8230;\t\t\t\t<\/div>\n\t\t\t\t\t\t<div class=\"uagb-post__text uagb-post__cta wp-block-button\">\n\t\t\t\t<a class=\"wp-block-button__link uagb-text-link\" style=\"\" href=\"https:\/\/angelique-ndrc25.se-formation.fr\/index.php\/2025\/11\/06\/bonjour-tout-le-monde\/\" target=\"_self\" rel=\"bookmark noopener noreferrer\">Read More<\/a>\n\t\t\t<\/div>\n\t\t\t\n\t\t\t\t\t\t\t\t\t<\/article>\n\t\t\t\t\t\t\t\t\t\t\t<\/div>\n\t\t\t","protected":false},"excerpt":{"rendered":"","protected":false},"author":1,"featured_media":0,"parent":0,"menu_order":0,"comment_status":"closed","ping_status":"closed","template":"","meta":{"_uag_custom_page_level_css":"","site-sidebar-layout":"default","site-content-layout":"","ast-site-content-layout":"default","site-content-style":"default","site-sidebar-style":"default","ast-global-header-display":"","ast-banner-title-visibility":"","ast-main-header-display":"","ast-hfb-above-header-display":"","ast-hfb-below-header-display":"","ast-hfb-mobile-header-display":"","site-post-title":"","ast-breadcrumbs-content":"","ast-featured-img":"","footer-sml-layout":"","theme-transparent-header-meta":"","adv-header-id-meta":"","stick-header-meta":"","header-above-stick-meta":"","header-main-stick-meta":"","header-below-stick-meta":"","astra-migrate-meta-layouts":"default","ast-page-background-enabled":"default","ast-page-background-meta":{"desktop":{"background-color":"var(--ast-global-color-5)","background-image":"","background-repeat":"repeat","background-position":"center center","background-size":"auto","background-attachment":"scroll","background-type":"","background-media":"","overlay-type":"","overlay-color":"","overlay-opacity":"","overlay-gradient":""},"tablet":{"background-color":"","background-image":"","background-repeat":"repeat","background-position":"center center","background-size":"auto","background-attachment":"scroll","background-type":"","background-media":"","overlay-type":"","overlay-color":"","overlay-opacity":"","overlay-gradient":""},"mobile":{"background-color":"","background-image":"","background-repeat":"repeat","background-position":"center center","background-size":"auto","background-attachment":"scroll","background-type":"","background-media":"","overlay-type":"","overlay-color":"","overlay-opacity":"","overlay-gradient":""}},"ast-content-background-meta":{"desktop":{"background-color":"var(--ast-global-color-4)","background-image":"","background-repeat":"repeat","background-position":"center center","background-size":"auto","background-attachment":"scroll","background-type":"","background-media":"","overlay-type":"","overlay-color":"","overlay-opacity":"","overlay-gradient":""},"tablet":{"background-color":"var(--ast-global-color-4)","background-image":"","background-repeat":"repeat","background-position":"center center","background-size":"auto","background-attachment":"scroll","background-type":"","background-media":"","overlay-type":"","overlay-color":"","overlay-opacity":"","overlay-gradient":""},"mobile":{"background-color":"var(--ast-global-color-4)","background-image":"","background-repeat":"repeat","background-position":"center center","background-size":"auto","background-attachment":"scroll","background-type":"","background-media":"","overlay-type":"","overlay-color":"","overlay-opacity":"","overlay-gradient":""}},"footnotes":""},"class_list":["post-85","page","type-page","status-publish","hentry"],"yoast_head":"<!-- This site is optimized with the Yoast SEO plugin v26.4 - https:\/\/yoast.com\/wordpress\/plugins\/seo\/ -->\n<title>Blog - Angelique Ndrc25 Se Formation<\/title>\n<meta name=\"robots\" content=\"index, follow, max-snippet:-1, max-image-preview:large, max-video-preview:-1\" \/>\n<link rel=\"canonical\" href=\"https:\/\/angelique-ndrc25.se-formation.fr\/index.php\/blog\/\" \/>\n<meta property=\"og:locale\" content=\"en_US\" \/>\n<meta property=\"og:type\" content=\"article\" \/>\n<meta property=\"og:title\" content=\"Blog - Angelique Ndrc25 Se Formation\" \/>\n<meta property=\"og:url\" content=\"https:\/\/angelique-ndrc25.se-formation.fr\/index.php\/blog\/\" \/>\n<meta property=\"og:site_name\" content=\"Angelique Ndrc25 Se Formation\" \/>\n<meta name=\"twitter:card\" content=\"summary_large_image\" \/>\n<script type=\"application\/ld+json\" class=\"yoast-schema-graph\">{\"@context\":\"https:\/\/schema.org\",\"@graph\":[{\"@type\":\"WebPage\",\"@id\":\"https:\/\/angelique-ndrc25.se-formation.fr\/index.php\/blog\/\",\"url\":\"https:\/\/angelique-ndrc25.se-formation.fr\/index.php\/blog\/\",\"name\":\"Blog - Angelique Ndrc25 Se Formation\",\"isPartOf\":{\"@id\":\"https:\/\/angelique-ndrc25.se-formation.fr\/#website\"},\"datePublished\":\"2025-11-28T13:58:40+00:00\",\"breadcrumb\":{\"@id\":\"https:\/\/angelique-ndrc25.se-formation.fr\/index.php\/blog\/#breadcrumb\"},\"inLanguage\":\"en-US\",\"potentialAction\":[{\"@type\":\"ReadAction\",\"target\":[\"https:\/\/angelique-ndrc25.se-formation.fr\/index.php\/blog\/\"]}]},{\"@type\":\"BreadcrumbList\",\"@id\":\"https:\/\/angelique-ndrc25.se-formation.fr\/index.php\/blog\/#breadcrumb\",\"itemListElement\":[{\"@type\":\"ListItem\",\"position\":1,\"name\":\"Accueil\",\"item\":\"https:\/\/angelique-ndrc25.se-formation.fr\/\"},{\"@type\":\"ListItem\",\"position\":2,\"name\":\"Blog\"}]},{\"@type\":\"WebSite\",\"@id\":\"https:\/\/angelique-ndrc25.se-formation.fr\/#website\",\"url\":\"https:\/\/angelique-ndrc25.se-formation.fr\/\",\"name\":\"Angelique Ndrc25 Se Formation\",\"description\":\"\",\"publisher\":{\"@id\":\"https:\/\/angelique-ndrc25.se-formation.fr\/#organization\"},\"potentialAction\":[{\"@type\":\"SearchAction\",\"target\":{\"@type\":\"EntryPoint\",\"urlTemplate\":\"https:\/\/angelique-ndrc25.se-formation.fr\/?s={search_term_string}\"},\"query-input\":{\"@type\":\"PropertyValueSpecification\",\"valueRequired\":true,\"valueName\":\"search_term_string\"}}],\"inLanguage\":\"en-US\"},{\"@type\":\"Organization\",\"@id\":\"https:\/\/angelique-ndrc25.se-formation.fr\/#organization\",\"name\":\"Angelique Ndrc25 Se Formation\",\"url\":\"https:\/\/angelique-ndrc25.se-formation.fr\/\",\"logo\":{\"@type\":\"ImageObject\",\"inLanguage\":\"en-US\",\"@id\":\"https:\/\/angelique-ndrc25.se-formation.fr\/#\/schema\/logo\/image\/\",\"url\":\"https:\/\/angelique-ndrc25.se-formation.fr\/wp-content\/uploads\/2025\/11\/IFC-site2014-300x149-2.jpg\",\"contentUrl\":\"https:\/\/angelique-ndrc25.se-formation.fr\/wp-content\/uploads\/2025\/11\/IFC-site2014-300x149-2.jpg\",\"width\":300,\"height\":149,\"caption\":\"Angelique Ndrc25 Se Formation\"},\"image\":{\"@id\":\"https:\/\/angelique-ndrc25.se-formation.fr\/#\/schema\/logo\/image\/\"}}]}<\/script>\n<!-- \/ Yoast SEO plugin. -->","yoast_head_json":{"title":"Blog - Angelique Ndrc25 Se Formation","robots":{"index":"index","follow":"follow","max-snippet":"max-snippet:-1","max-image-preview":"max-image-preview:large","max-video-preview":"max-video-preview:-1"},"canonical":"https:\/\/angelique-ndrc25.se-formation.fr\/index.php\/blog\/","og_locale":"en_US","og_type":"article","og_title":"Blog - Angelique Ndrc25 Se Formation","og_url":"https:\/\/angelique-ndrc25.se-formation.fr\/index.php\/blog\/","og_site_name":"Angelique Ndrc25 Se Formation","twitter_card":"summary_large_image","schema":{"@context":"https:\/\/schema.org","@graph":[{"@type":"WebPage","@id":"https:\/\/angelique-ndrc25.se-formation.fr\/index.php\/blog\/","url":"https:\/\/angelique-ndrc25.se-formation.fr\/index.php\/blog\/","name":"Blog - Angelique Ndrc25 Se Formation","isPartOf":{"@id":"https:\/\/angelique-ndrc25.se-formation.fr\/#website"},"datePublished":"2025-11-28T13:58:40+00:00","breadcrumb":{"@id":"https:\/\/angelique-ndrc25.se-formation.fr\/index.php\/blog\/#breadcrumb"},"inLanguage":"en-US","potentialAction":[{"@type":"ReadAction","target":["https:\/\/angelique-ndrc25.se-formation.fr\/index.php\/blog\/"]}]},{"@type":"BreadcrumbList","@id":"https:\/\/angelique-ndrc25.se-formation.fr\/index.php\/blog\/#breadcrumb","itemListElement":[{"@type":"ListItem","position":1,"name":"Accueil","item":"https:\/\/angelique-ndrc25.se-formation.fr\/"},{"@type":"ListItem","position":2,"name":"Blog"}]},{"@type":"WebSite","@id":"https:\/\/angelique-ndrc25.se-formation.fr\/#website","url":"https:\/\/angelique-ndrc25.se-formation.fr\/","name":"Angelique Ndrc25 Se Formation","description":"","publisher":{"@id":"https:\/\/angelique-ndrc25.se-formation.fr\/#organization"},"potentialAction":[{"@type":"SearchAction","target":{"@type":"EntryPoint","urlTemplate":"https:\/\/angelique-ndrc25.se-formation.fr\/?s={search_term_string}"},"query-input":{"@type":"PropertyValueSpecification","valueRequired":true,"valueName":"search_term_string"}}],"inLanguage":"en-US"},{"@type":"Organization","@id":"https:\/\/angelique-ndrc25.se-formation.fr\/#organization","name":"Angelique Ndrc25 Se Formation","url":"https:\/\/angelique-ndrc25.se-formation.fr\/","logo":{"@type":"ImageObject","inLanguage":"en-US","@id":"https:\/\/angelique-ndrc25.se-formation.fr\/#\/schema\/logo\/image\/","url":"https:\/\/angelique-ndrc25.se-formation.fr\/wp-content\/uploads\/2025\/11\/IFC-site2014-300x149-2.jpg","contentUrl":"https:\/\/angelique-ndrc25.se-formation.fr\/wp-content\/uploads\/2025\/11\/IFC-site2014-300x149-2.jpg","width":300,"height":149,"caption":"Angelique Ndrc25 Se Formation"},"image":{"@id":"https:\/\/angelique-ndrc25.se-formation.fr\/#\/schema\/logo\/image\/"}}]}},"uagb_featured_image_src":{"full":false,"thumbnail":false,"medium":false,"medium_large":false,"large":false,"1536x1536":false,"2048x2048":false,"woocommerce_thumbnail":false,"woocommerce_single":false,"woocommerce_gallery_thumbnail":false},"uagb_author_info":{"display_name":"angelique","author_link":"https:\/\/angelique-ndrc25.se-formation.fr\/index.php\/author\/angelique\/"},"uagb_comment_info":0,"uagb_excerpt":null,"_links":{"self":[{"href":"https:\/\/angelique-ndrc25.se-formation.fr\/index.php\/wp-json\/wp\/v2\/pages\/85","targetHints":{"allow":["GET"]}}],"collection":[{"href":"https:\/\/angelique-ndrc25.se-formation.fr\/index.php\/wp-json\/wp\/v2\/pages"}],"about":[{"href":"https:\/\/angelique-ndrc25.se-formation.fr\/index.php\/wp-json\/wp\/v2\/types\/page"}],"author":[{"embeddable":true,"href":"https:\/\/angelique-ndrc25.se-formation.fr\/index.php\/wp-json\/wp\/v2\/users\/1"}],"replies":[{"embeddable":true,"href":"https:\/\/angelique-ndrc25.se-formation.fr\/index.php\/wp-json\/wp\/v2\/comments?post=85"}],"version-history":[{"count":1,"href":"https:\/\/angelique-ndrc25.se-formation.fr\/index.php\/wp-json\/wp\/v2\/pages\/85\/revisions"}],"predecessor-version":[{"id":86,"href":"https:\/\/angelique-ndrc25.se-formation.fr\/index.php\/wp-json\/wp\/v2\/pages\/85\/revisions\/86"}],"wp:attachment":[{"href":"https:\/\/angelique-ndrc25.se-formation.fr\/index.php\/wp-json\/wp\/v2\/media?parent=85"}],"curies":[{"name":"wp","href":"https:\/\/api.w.org\/{rel}","templated":true}]}}