{"id":91,"date":"2025-11-28T15:16:16","date_gmt":"2025-11-28T14:16:16","guid":{"rendered":"https:\/\/angelique-ndrc25.se-formation.fr\/?page_id=91"},"modified":"2025-11-28T15:23:18","modified_gmt":"2025-11-28T14:23:18","slug":"faq","status":"publish","type":"page","link":"https:\/\/angelique-ndrc25.se-formation.fr\/index.php\/faq\/","title":{"rendered":"FAQ"},"content":{"rendered":"<div class=\"wp-block-uagb-faq uagb-faq__outer-wrap uagb-block-dbc6de60 uagb-faq-icon-row uagb-faq-layout-accordion uagb-faq-expand-first-true uagb-faq-inactive-other-true uagb-faq__wrap uagb-buttons-layout-wrap uagb-faq-equal-height     \" data-faqtoggle=\"true\" role=\"tablist\"><div class=\"wp-block-uagb-faq-child uagb-faq-child__outer-wrap uagb-faq-item uagb-block-d4089193 \" role=\"tab\" tabindex=\"0\"><div class=\"uagb-faq-questions-button uagb-faq-questions\">\t\t\t<span class=\"uagb-icon uagb-faq-icon-wrap\">\n\t\t\t\t\t\t\t\t<svg xmlns=\"https:\/\/www.w3.org\/2000\/svg\" viewBox= \"0 0 448 512\"><path d=\"M432 256c0 17.69-14.33 32.01-32 32.01H256v144c0 17.69-14.33 31.99-32 31.99s-32-14.3-32-31.99v-144H48c-17.67 0-32-14.32-32-32.01s14.33-31.99 32-31.99H192v-144c0-17.69 14.33-32.01 32-32.01s32 14.32 32 32.01v144h144C417.7 224 432 238.3 432 256z\"><\/path><\/svg>\n\t\t\t\t\t\t\t<\/span>\n\t\t\t\t\t\t<span class=\"uagb-icon-active uagb-faq-icon-wrap\">\n\t\t\t\t\t\t\t\t<svg xmlns=\"https:\/\/www.w3.org\/2000\/svg\" viewBox= \"0 0 448 512\"><path d=\"M400 288h-352c-17.69 0-32-14.32-32-32.01s14.31-31.99 32-31.99h352c17.69 0 32 14.3 32 31.99S417.7 288 400 288z\"><\/path><\/svg>\n\t\t\t\t\t\t\t<\/span>\n\t\t\t<span class=\"uagb-question\">Quels sont les objectifs principaux de cette formation commerciale ?<\/span><\/div><div class=\"uagb-faq-content\"><p>La mission de ce BTS est de former des vendeurs et des <strong>managers commerciaux<\/strong> capables de g\u00e9rer la relation client. L&#8217;\u00e9tudiant apprend \u00e0 mettre en \u0153uvre une strat\u00e9gie commerciale et marketing et doit \u00eatre en mesure de <strong>prospecter<\/strong>, de <strong>n\u00e9gocier<\/strong>, de <strong>vendre<\/strong> et de <strong>fid\u00e9liser<\/strong> un portefeuille clients. Il est \u00e9galement capable d&#8217;\u00e9tablir un diagnostic pr\u00e9parant une prise de d\u00e9cision strat\u00e9gique.<\/p><\/div><\/div><div class=\"wp-block-uagb-faq-child uagb-faq-child__outer-wrap uagb-faq-item uagb-block-49a5eafb \" role=\"tab\" tabindex=\"0\"><div class=\"uagb-faq-questions-button uagb-faq-questions\">\t\t\t<span class=\"uagb-icon uagb-faq-icon-wrap\">\n\t\t\t\t\t\t\t\t<svg xmlns=\"https:\/\/www.w3.org\/2000\/svg\" viewBox= \"0 0 448 512\"><path d=\"M432 256c0 17.69-14.33 32.01-32 32.01H256v144c0 17.69-14.33 31.99-32 31.99s-32-14.3-32-31.99v-144H48c-17.67 0-32-14.32-32-32.01s14.33-31.99 32-31.99H192v-144c0-17.69 14.33-32.01 32-32.01s32 14.32 32 32.01v144h144C417.7 224 432 238.3 432 256z\"><\/path><\/svg>\n\t\t\t\t\t\t\t<\/span>\n\t\t\t\t\t\t<span class=\"uagb-icon-active uagb-faq-icon-wrap\">\n\t\t\t\t\t\t\t\t<svg xmlns=\"https:\/\/www.w3.org\/2000\/svg\" viewBox= \"0 0 448 512\"><path d=\"M400 288h-352c-17.69 0-32-14.32-32-32.01s14.31-31.99 32-31.99h352c17.69 0 32 14.3 32 31.99S417.7 288 400 288z\"><\/path><\/svg>\n\t\t\t\t\t\t\t<\/span>\n\t\t\t<span class=\"uagb-question\">Qu&#8217;apporte l&#8217;aspect &#8220;Digitalisation&#8221; du BTS NDRC ?<\/span><\/div><div class=\"uagb-faq-content\"><p>La digitalisation est un aspect cl\u00e9 du programme. Elle implique que les titulaires sont sensibilis\u00e9s aux <strong>techniques du web marketing<\/strong> et doivent ma\u00eetriser la <strong>relation client omnicanale<\/strong> ainsi que le d\u00e9veloppement de la relation client en <strong>e-commerce<\/strong>. Le titulaire poss\u00e8de une solide culture num\u00e9rique et intervient <strong>avant, pendant et apr\u00e8s l\u2019achat<\/strong>.<\/p><\/div><\/div><\/div>\n\n<div class=\"wp-block-uagb-faq uagb-faq__outer-wrap uagb-block-d6c82049 uagb-faq-icon-row uagb-faq-layout-accordion uagb-faq-expand-first-true uagb-faq-inactive-other-true uagb-faq__wrap uagb-buttons-layout-wrap uagb-faq-equal-height     \" data-faqtoggle=\"true\" role=\"tablist\"><div class=\"wp-block-uagb-faq-child uagb-faq-child__outer-wrap uagb-faq-item uagb-block-b21a9d46 \" role=\"tab\" tabindex=\"0\"><div class=\"uagb-faq-questions-button uagb-faq-questions\">\t\t\t<span class=\"uagb-icon uagb-faq-icon-wrap\">\n\t\t\t\t\t\t\t\t<svg xmlns=\"https:\/\/www.w3.org\/2000\/svg\" viewBox= \"0 0 448 512\"><path d=\"M432 256c0 17.69-14.33 32.01-32 32.01H256v144c0 17.69-14.33 31.99-32 31.99s-32-14.3-32-31.99v-144H48c-17.67 0-32-14.32-32-32.01s14.33-31.99 32-31.99H192v-144c0-17.69 14.33-32.01 32-32.01s32 14.32 32 32.01v144h144C417.7 224 432 238.3 432 256z\"><\/path><\/svg>\n\t\t\t\t\t\t\t<\/span>\n\t\t\t\t\t\t<span class=\"uagb-icon-active uagb-faq-icon-wrap\">\n\t\t\t\t\t\t\t\t<svg xmlns=\"https:\/\/www.w3.org\/2000\/svg\" viewBox= \"0 0 448 512\"><path d=\"M400 288h-352c-17.69 0-32-14.32-32-32.01s14.31-31.99 32-31.99h352c17.69 0 32 14.3 32 31.99S417.7 288 400 288z\"><\/path><\/svg>\n\t\t\t\t\t\t\t<\/span>\n\t\t\t<span class=\"uagb-question\">Comment peut-on suivre la formation BTS NDRC ?<\/span><\/div><div class=\"uagb-faq-content\"><p>Ce BTS peut \u00eatre suivi en formule <strong>initiale \/ classique<\/strong> ou en <strong>alternance<\/strong>. L&#8217;alternance se fait dans le cadre d&#8217;un <strong>contrat d\u2019apprentissage<\/strong> ou d&#8217;un <strong>contrat de professionnalisation<\/strong>. Ce mode de formation est tr\u00e8s souvent choisi par les \u00e9tudiants et permet l&#8217;application concr\u00e8te des apprentissages sur le terrain professionnel de l&#8217;entreprise. En alternance, le rythme peut \u00eatre organis\u00e9 avec <strong>2 jours en centre de formation<\/strong> et <strong>3 jours en entreprise<\/strong>.<\/p><\/div><\/div><div class=\"wp-block-uagb-faq-child uagb-faq-child__outer-wrap uagb-faq-item uagb-block-0a959e48 \" role=\"tab\" tabindex=\"0\"><div class=\"uagb-faq-questions-button uagb-faq-questions\">\t\t\t<span class=\"uagb-icon uagb-faq-icon-wrap\">\n\t\t\t\t\t\t\t\t<svg xmlns=\"https:\/\/www.w3.org\/2000\/svg\" viewBox= \"0 0 448 512\"><path d=\"M432 256c0 17.69-14.33 32.01-32 32.01H256v144c0 17.69-14.33 31.99-32 31.99s-32-14.3-32-31.99v-144H48c-17.67 0-32-14.32-32-32.01s14.33-31.99 32-31.99H192v-144c0-17.69 14.33-32.01 32-32.01s32 14.32 32 32.01v144h144C417.7 224 432 238.3 432 256z\"><\/path><\/svg>\n\t\t\t\t\t\t\t<\/span>\n\t\t\t\t\t\t<span class=\"uagb-icon-active uagb-faq-icon-wrap\">\n\t\t\t\t\t\t\t\t<svg xmlns=\"https:\/\/www.w3.org\/2000\/svg\" viewBox= \"0 0 448 512\"><path d=\"M400 288h-352c-17.69 0-32-14.32-32-32.01s14.31-31.99 32-31.99h352c17.69 0 32 14.3 32 31.99S417.7 288 400 288z\"><\/path><\/svg>\n\t\t\t\t\t\t\t<\/span>\n\t\t\t<span class=\"uagb-question\">Quels sont les d\u00e9bouch\u00e9s professionnels apr\u00e8s ce dipl\u00f4me ?<\/span><\/div><div class=\"uagb-faq-content\"><p>Le BTS NDRC pr\u00e9pare aux m\u00e9tiers du commerce et au e-commerce, offrant des <strong>opportunit\u00e9s dans tous les secteurs d\u2019activit\u00e9<\/strong>, y compris les entreprises traditionnelles et les start-up. Le titulaire peut travailler en particulier comme <strong>vendeur<\/strong>, <strong>attach\u00e9(e) commercial(e)<\/strong>, <strong>responsable de secteur<\/strong>, <strong>commercial(e) itin\u00e9rant(e) \u2013 VRP<\/strong>, ou m\u00eame comme <strong>animateur commercial site e-commerce<\/strong>.<\/p><\/div><\/div><\/div>\n\n<div class=\"wp-block-uagb-faq uagb-faq__outer-wrap uagb-block-65561dac uagb-faq-icon-row uagb-faq-layout-accordion uagb-faq-expand-first-true uagb-faq-inactive-other-true uagb-faq__wrap uagb-buttons-layout-wrap uagb-faq-equal-height     \" data-faqtoggle=\"true\" role=\"tablist\"><div class=\"wp-block-uagb-faq-child uagb-faq-child__outer-wrap uagb-faq-item uagb-block-342d3cfd \" role=\"tab\" tabindex=\"0\"><div class=\"uagb-faq-questions-button uagb-faq-questions\">\t\t\t<span class=\"uagb-icon uagb-faq-icon-wrap\">\n\t\t\t\t\t\t\t\t<svg xmlns=\"https:\/\/www.w3.org\/2000\/svg\" viewBox= \"0 0 448 512\"><path d=\"M432 256c0 17.69-14.33 32.01-32 32.01H256v144c0 17.69-14.33 31.99-32 31.99s-32-14.3-32-31.99v-144H48c-17.67 0-32-14.32-32-32.01s14.33-31.99 32-31.99H192v-144c0-17.69 14.33-32.01 32-32.01s32 14.32 32 32.01v144h144C417.7 224 432 238.3 432 256z\"><\/path><\/svg>\n\t\t\t\t\t\t\t<\/span>\n\t\t\t\t\t\t<span class=\"uagb-icon-active uagb-faq-icon-wrap\">\n\t\t\t\t\t\t\t\t<svg xmlns=\"https:\/\/www.w3.org\/2000\/svg\" viewBox= \"0 0 448 512\"><path d=\"M400 288h-352c-17.69 0-32-14.32-32-32.01s14.31-31.99 32-31.99h352c17.69 0 32 14.3 32 31.99S417.7 288 400 288z\"><\/path><\/svg>\n\t\t\t\t\t\t\t<\/span>\n\t\t\t<span class=\"uagb-question\">Quelles sont les qualit\u00e9s requises pour r\u00e9ussir dans ce domaine ?<\/span><\/div><div class=\"uagb-faq-content\"><p>Pour r\u00e9ussir dans ce BTS, certaines qualit\u00e9s sont essentielles. Les \u00e9tudiants doivent faire preuve d&#8217;<strong>autonomie<\/strong>, de <strong>rigueur<\/strong>, de <strong>dynamisme<\/strong>, et poss\u00e9der le <strong>sens du contact et de la n\u00e9gociation<\/strong>. Il est \u00e9galement important d&#8217;avoir la capacit\u00e9 d&#8217;\u00e9voluer dans des <strong>environnements num\u00e9riques et digitalis\u00e9s<\/strong> et de disposer de comp\u00e9tences pour collaborer et travailler en \u00e9quipe.<\/p><\/div><\/div><div class=\"wp-block-uagb-faq-child uagb-faq-child__outer-wrap uagb-faq-item uagb-block-daf88e7a \" role=\"tab\" tabindex=\"0\"><div class=\"uagb-faq-questions-button uagb-faq-questions\">\t\t\t<span class=\"uagb-icon uagb-faq-icon-wrap\">\n\t\t\t\t\t\t\t\t<svg xmlns=\"https:\/\/www.w3.org\/2000\/svg\" viewBox= \"0 0 448 512\"><path d=\"M432 256c0 17.69-14.33 32.01-32 32.01H256v144c0 17.69-14.33 31.99-32 31.99s-32-14.3-32-31.99v-144H48c-17.67 0-32-14.32-32-32.01s14.33-31.99 32-31.99H192v-144c0-17.69 14.33-32.01 32-32.01s32 14.32 32 32.01v144h144C417.7 224 432 238.3 432 256z\"><\/path><\/svg>\n\t\t\t\t\t\t\t<\/span>\n\t\t\t\t\t\t<span class=\"uagb-icon-active uagb-faq-icon-wrap\">\n\t\t\t\t\t\t\t\t<svg xmlns=\"https:\/\/www.w3.org\/2000\/svg\" viewBox= \"0 0 448 512\"><path d=\"M400 288h-352c-17.69 0-32-14.32-32-32.01s14.31-31.99 32-31.99h352c17.69 0 32 14.3 32 31.99S417.7 288 400 288z\"><\/path><\/svg>\n\t\t\t\t\t\t\t<\/span>\n\t\t\t<span class=\"uagb-question\">Est-il possible de continuer ses \u00e9tudes apr\u00e8s l&#8217;obtention du BTS ?<\/span><\/div><div class=\"uagb-faq-content\"><p>Oui, la <strong>poursuite d\u2019\u00e9tudes est une option int\u00e9ressante<\/strong>. Le BTS, \u00e9quivalent \u00e0 120 cr\u00e9dits europ\u00e9ens, permet de continuer vers une <strong>licence professionnelle<\/strong> du domaine commercial, qui est une voie privil\u00e9gi\u00e9e. Il est \u00e9galement possible de poursuivre en <strong>Bachelor Marketing<\/strong> ou en <strong>Bachelor Communication<\/strong> ou d&#8217;int\u00e9grer des \u00e9coles sup\u00e9rieures de commerce ou de gestion. Environ 49% (voie scolaire) ou 54% (apprentissage) des dipl\u00f4m\u00e9s sont inscrits en formation six mois apr\u00e8s la fin de la formation.<\/p><\/div><\/div><\/div>","protected":false},"excerpt":{"rendered":"","protected":false},"author":1,"featured_media":0,"parent":0,"menu_order":0,"comment_status":"closed","ping_status":"closed","template":"","meta":{"_uag_custom_page_level_css":"","site-sidebar-layout":"default","site-content-layout":"","ast-site-content-layout":"default","site-content-style":"default","site-sidebar-style":"default","ast-global-header-display":"","ast-banner-title-visibility":"","ast-main-header-display":"","ast-hfb-above-header-display":"","ast-hfb-below-header-display":"","ast-hfb-mobile-header-display":"","site-post-title":"","ast-breadcrumbs-content":"","ast-featured-img":"","footer-sml-layout":"","theme-transparent-header-meta":"","adv-header-id-meta":"","stick-header-meta":"","header-above-stick-meta":"","header-main-stick-meta":"","header-below-stick-meta":"","astra-migrate-meta-layouts":"default","ast-page-background-enabled":"default","ast-page-background-meta":{"desktop":{"background-color":"var(--ast-global-color-5)","background-image":"","background-repeat":"repeat","background-position":"center center","background-size":"auto","background-attachment":"scroll","background-type":"","background-media":"","overlay-type":"","overlay-color":"","overlay-opacity":"","overlay-gradient":""},"tablet":{"background-color":"","background-image":"","background-repeat":"repeat","background-position":"center center","background-size":"auto","background-attachment":"scroll","background-type":"","background-media":"","overlay-type":"","overlay-color":"","overlay-opacity":"","overlay-gradient":""},"mobile":{"background-color":"","background-image":"","background-repeat":"repeat","background-position":"center center","background-size":"auto","background-attachment":"scroll","background-type":"","background-media":"","overlay-type":"","overlay-color":"","overlay-opacity":"","overlay-gradient":""}},"ast-content-background-meta":{"desktop":{"background-color":"var(--ast-global-color-4)","background-image":"","background-repeat":"repeat","background-position":"center center","background-size":"auto","background-attachment":"scroll","background-type":"","background-media":"","overlay-type":"","overlay-color":"","overlay-opacity":"","overlay-gradient":""},"tablet":{"background-color":"var(--ast-global-color-4)","background-image":"","background-repeat":"repeat","background-position":"center center","background-size":"auto","background-attachment":"scroll","background-type":"","background-media":"","overlay-type":"","overlay-color":"","overlay-opacity":"","overlay-gradient":""},"mobile":{"background-color":"var(--ast-global-color-4)","background-image":"","background-repeat":"repeat","background-position":"center center","background-size":"auto","background-attachment":"scroll","background-type":"","background-media":"","overlay-type":"","overlay-color":"","overlay-opacity":"","overlay-gradient":""}},"footnotes":""},"class_list":["post-91","page","type-page","status-publish","hentry"],"yoast_head":"<!-- This site is optimized with the Yoast SEO plugin v26.4 - https:\/\/yoast.com\/wordpress\/plugins\/seo\/ -->\n<title>FAQ - Angelique Ndrc25 Se Formation<\/title>\n<meta name=\"robots\" content=\"index, follow, max-snippet:-1, max-image-preview:large, max-video-preview:-1\" \/>\n<link rel=\"canonical\" href=\"https:\/\/angelique-ndrc25.se-formation.fr\/index.php\/faq\/\" \/>\n<meta property=\"og:locale\" content=\"en_US\" \/>\n<meta property=\"og:type\" content=\"article\" \/>\n<meta property=\"og:title\" content=\"FAQ - Angelique Ndrc25 Se Formation\" \/>\n<meta property=\"og:url\" content=\"https:\/\/angelique-ndrc25.se-formation.fr\/index.php\/faq\/\" \/>\n<meta property=\"og:site_name\" content=\"Angelique Ndrc25 Se Formation\" \/>\n<meta property=\"article:modified_time\" content=\"2025-11-28T14:23:18+00:00\" \/>\n<meta name=\"twitter:card\" content=\"summary_large_image\" \/>\n<script type=\"application\/ld+json\" class=\"yoast-schema-graph\">{\"@context\":\"https:\/\/schema.org\",\"@graph\":[{\"@type\":\"WebPage\",\"@id\":\"https:\/\/angelique-ndrc25.se-formation.fr\/index.php\/faq\/\",\"url\":\"https:\/\/angelique-ndrc25.se-formation.fr\/index.php\/faq\/\",\"name\":\"FAQ - Angelique Ndrc25 Se Formation\",\"isPartOf\":{\"@id\":\"https:\/\/angelique-ndrc25.se-formation.fr\/#website\"},\"datePublished\":\"2025-11-28T14:16:16+00:00\",\"dateModified\":\"2025-11-28T14:23:18+00:00\",\"breadcrumb\":{\"@id\":\"https:\/\/angelique-ndrc25.se-formation.fr\/index.php\/faq\/#breadcrumb\"},\"inLanguage\":\"en-US\",\"potentialAction\":[{\"@type\":\"ReadAction\",\"target\":[\"https:\/\/angelique-ndrc25.se-formation.fr\/index.php\/faq\/\"]}]},{\"@type\":\"BreadcrumbList\",\"@id\":\"https:\/\/angelique-ndrc25.se-formation.fr\/index.php\/faq\/#breadcrumb\",\"itemListElement\":[{\"@type\":\"ListItem\",\"position\":1,\"name\":\"Accueil\",\"item\":\"https:\/\/angelique-ndrc25.se-formation.fr\/\"},{\"@type\":\"ListItem\",\"position\":2,\"name\":\"FAQ\"}]},{\"@type\":\"WebSite\",\"@id\":\"https:\/\/angelique-ndrc25.se-formation.fr\/#website\",\"url\":\"https:\/\/angelique-ndrc25.se-formation.fr\/\",\"name\":\"Angelique Ndrc25 Se Formation\",\"description\":\"\",\"publisher\":{\"@id\":\"https:\/\/angelique-ndrc25.se-formation.fr\/#organization\"},\"potentialAction\":[{\"@type\":\"SearchAction\",\"target\":{\"@type\":\"EntryPoint\",\"urlTemplate\":\"https:\/\/angelique-ndrc25.se-formation.fr\/?s={search_term_string}\"},\"query-input\":{\"@type\":\"PropertyValueSpecification\",\"valueRequired\":true,\"valueName\":\"search_term_string\"}}],\"inLanguage\":\"en-US\"},{\"@type\":\"Organization\",\"@id\":\"https:\/\/angelique-ndrc25.se-formation.fr\/#organization\",\"name\":\"Angelique Ndrc25 Se Formation\",\"url\":\"https:\/\/angelique-ndrc25.se-formation.fr\/\",\"logo\":{\"@type\":\"ImageObject\",\"inLanguage\":\"en-US\",\"@id\":\"https:\/\/angelique-ndrc25.se-formation.fr\/#\/schema\/logo\/image\/\",\"url\":\"https:\/\/angelique-ndrc25.se-formation.fr\/wp-content\/uploads\/2025\/11\/IFC-site2014-300x149-2.jpg\",\"contentUrl\":\"https:\/\/angelique-ndrc25.se-formation.fr\/wp-content\/uploads\/2025\/11\/IFC-site2014-300x149-2.jpg\",\"width\":300,\"height\":149,\"caption\":\"Angelique Ndrc25 Se Formation\"},\"image\":{\"@id\":\"https:\/\/angelique-ndrc25.se-formation.fr\/#\/schema\/logo\/image\/\"}}]}<\/script>\n<!-- \/ Yoast SEO plugin. -->","yoast_head_json":{"title":"FAQ - Angelique Ndrc25 Se Formation","robots":{"index":"index","follow":"follow","max-snippet":"max-snippet:-1","max-image-preview":"max-image-preview:large","max-video-preview":"max-video-preview:-1"},"canonical":"https:\/\/angelique-ndrc25.se-formation.fr\/index.php\/faq\/","og_locale":"en_US","og_type":"article","og_title":"FAQ - Angelique Ndrc25 Se Formation","og_url":"https:\/\/angelique-ndrc25.se-formation.fr\/index.php\/faq\/","og_site_name":"Angelique Ndrc25 Se Formation","article_modified_time":"2025-11-28T14:23:18+00:00","twitter_card":"summary_large_image","schema":{"@context":"https:\/\/schema.org","@graph":[{"@type":"WebPage","@id":"https:\/\/angelique-ndrc25.se-formation.fr\/index.php\/faq\/","url":"https:\/\/angelique-ndrc25.se-formation.fr\/index.php\/faq\/","name":"FAQ - Angelique Ndrc25 Se Formation","isPartOf":{"@id":"https:\/\/angelique-ndrc25.se-formation.fr\/#website"},"datePublished":"2025-11-28T14:16:16+00:00","dateModified":"2025-11-28T14:23:18+00:00","breadcrumb":{"@id":"https:\/\/angelique-ndrc25.se-formation.fr\/index.php\/faq\/#breadcrumb"},"inLanguage":"en-US","potentialAction":[{"@type":"ReadAction","target":["https:\/\/angelique-ndrc25.se-formation.fr\/index.php\/faq\/"]}]},{"@type":"BreadcrumbList","@id":"https:\/\/angelique-ndrc25.se-formation.fr\/index.php\/faq\/#breadcrumb","itemListElement":[{"@type":"ListItem","position":1,"name":"Accueil","item":"https:\/\/angelique-ndrc25.se-formation.fr\/"},{"@type":"ListItem","position":2,"name":"FAQ"}]},{"@type":"WebSite","@id":"https:\/\/angelique-ndrc25.se-formation.fr\/#website","url":"https:\/\/angelique-ndrc25.se-formation.fr\/","name":"Angelique Ndrc25 Se Formation","description":"","publisher":{"@id":"https:\/\/angelique-ndrc25.se-formation.fr\/#organization"},"potentialAction":[{"@type":"SearchAction","target":{"@type":"EntryPoint","urlTemplate":"https:\/\/angelique-ndrc25.se-formation.fr\/?s={search_term_string}"},"query-input":{"@type":"PropertyValueSpecification","valueRequired":true,"valueName":"search_term_string"}}],"inLanguage":"en-US"},{"@type":"Organization","@id":"https:\/\/angelique-ndrc25.se-formation.fr\/#organization","name":"Angelique Ndrc25 Se Formation","url":"https:\/\/angelique-ndrc25.se-formation.fr\/","logo":{"@type":"ImageObject","inLanguage":"en-US","@id":"https:\/\/angelique-ndrc25.se-formation.fr\/#\/schema\/logo\/image\/","url":"https:\/\/angelique-ndrc25.se-formation.fr\/wp-content\/uploads\/2025\/11\/IFC-site2014-300x149-2.jpg","contentUrl":"https:\/\/angelique-ndrc25.se-formation.fr\/wp-content\/uploads\/2025\/11\/IFC-site2014-300x149-2.jpg","width":300,"height":149,"caption":"Angelique Ndrc25 Se Formation"},"image":{"@id":"https:\/\/angelique-ndrc25.se-formation.fr\/#\/schema\/logo\/image\/"}}]}},"uagb_featured_image_src":{"full":false,"thumbnail":false,"medium":false,"medium_large":false,"large":false,"1536x1536":false,"2048x2048":false,"woocommerce_thumbnail":false,"woocommerce_single":false,"woocommerce_gallery_thumbnail":false},"uagb_author_info":{"display_name":"angelique","author_link":"https:\/\/angelique-ndrc25.se-formation.fr\/index.php\/author\/angelique\/"},"uagb_comment_info":0,"uagb_excerpt":null,"_links":{"self":[{"href":"https:\/\/angelique-ndrc25.se-formation.fr\/index.php\/wp-json\/wp\/v2\/pages\/91","targetHints":{"allow":["GET"]}}],"collection":[{"href":"https:\/\/angelique-ndrc25.se-formation.fr\/index.php\/wp-json\/wp\/v2\/pages"}],"about":[{"href":"https:\/\/angelique-ndrc25.se-formation.fr\/index.php\/wp-json\/wp\/v2\/types\/page"}],"author":[{"embeddable":true,"href":"https:\/\/angelique-ndrc25.se-formation.fr\/index.php\/wp-json\/wp\/v2\/users\/1"}],"replies":[{"embeddable":true,"href":"https:\/\/angelique-ndrc25.se-formation.fr\/index.php\/wp-json\/wp\/v2\/comments?post=91"}],"version-history":[{"count":2,"href":"https:\/\/angelique-ndrc25.se-formation.fr\/index.php\/wp-json\/wp\/v2\/pages\/91\/revisions"}],"predecessor-version":[{"id":96,"href":"https:\/\/angelique-ndrc25.se-formation.fr\/index.php\/wp-json\/wp\/v2\/pages\/91\/revisions\/96"}],"wp:attachment":[{"href":"https:\/\/angelique-ndrc25.se-formation.fr\/index.php\/wp-json\/wp\/v2\/media?parent=91"}],"curies":[{"name":"wp","href":"https:\/\/api.w.org\/{rel}","templated":true}]}}